{"id":1187,"date":"2017-02-06T14:09:15","date_gmt":"2017-02-06T13:09:15","guid":{"rendered":"http:\/\/gabriel.dev.globe-network.org\/en\/?page_id=1187"},"modified":"2025-10-16T15:41:25","modified_gmt":"2025-10-16T13:41:25","slug":"legal-notice","status":"publish","type":"page","link":"https:\/\/www.gabriel-network.org\/en\/legal-notice\/","title":{"rendered":"Legal Notice"},"content":{"rendered":"<p><strong>Below, you will find our policies concerning the way we handle your personal data. We strongly recommend that you read through this information.<\/strong><\/p>\n<p>By visiting this website, you accept the practices as we explain them and you agree to be bound by the terms and conditions stipulated below.<\/p>\n<p>The website\u00a0<a href=\"http:\/\/www.gabriel-network.org\/\">www.gabriel-network.org<\/a> is intended only for personal use by its users.<\/p>\n<h2 class=\"title-read\"><a href=\"#general-information\">General Information<\/a><\/h2>\n<div id=\"general-information\" class=\"text-read open\">\n<p>Ce site est propri\u00e9t\u00e9 de la Fondation M\u00e9rieux, Fondation reconnue d&#8217;utilit\u00e9 publique \u00e0 but non lucratif.<br \/>\nThis site is owned by the M\u00e9rieux Foundation, a Foundation recognized non-profit public utility.<\/p>\n<h3>M\u00e9rieux Foundation<\/h3>\n<p>17 rue Bourgelat<br \/>\n69002 Lyon<br \/>\nFrance<\/p>\n<p><strong>Phone:<\/strong> +33 (0)4 72 40 79 79<br \/>\n<strong>Email:<\/strong> <a href=\"mailto:contact@gabriel-network.org\">contact@gabriel-network.org<\/a><\/p>\n<p>The site <a href=\"http:\/\/www.gabriel-network.org\/\">www.gabriel-network.org<\/a> has been registered with the <a href=\"http:\/\/www.cnil.fr\/\">National Commission for Computing and Liberties (CNIL)<\/a> and bears the authorization number: <strong>1 075 279<\/strong>.<\/p>\n<p>Name of the person responsible for the publication: <strong>Doroth\u00e9e Lintner<\/strong><\/p>\n<h3>Web Host Provider<\/h3>\n<h4>EOLAS<\/h4>\n<p>29, rue Servan<br \/>\n38000 Grenoble, France<\/p>\n<p><strong>Phone:<\/strong> +33 (0)4 76 44 50 50<br \/>\n<strong>Website:<\/strong> <a href=\"https:\/\/www.eolas.fr\/\" target=\"_blank\" rel=\"noopener\">www.eolas.fr<\/a><\/p>\n<\/div>\n<h2 class=\"title-read\"><a href=\"#rights\">Intellectual property rights<\/a><\/h2>\n<div id=\"rights\" class=\"text-read\">\n<p>The M\u00e9rieux Foundation informs you that much of this website:<\/p>\n<ul>\n<li>is protected under copyright law. This can be the case, in particular, for photographs, articles, drawings, animated sequences, etc.;<\/li>\n<li>and\/or is protected under design rights legislation;<\/li>\n<li>is protected under trademark legislation.<\/li>\n<\/ul>\n<p>The parts of the website that are protected under such legislation are the property of the M\u00e9rieux Foundation or third parties that have authorized the M\u00e9rieux Foundation to use them. This site uses visual elements from the M\u00e9rieux Foundation.<\/p>\n<p>As such, any full or partial reproduction, representation, use, adaptation, modification, incorporation, translation, or commercialization, regardless of the technique used or the format chosen (paper, digital, etc.), is strictly prohibited without prior written authorization from the M\u00e9rieux Foundation, aside from the exceptions set forth in Article\u00a0122-5 of the Intellectual Property Code. Violations will constitute an act of copyright and\/or design and\/or trademark infringement, which is punishable by a two-year prison sentence and a \u20ac150,000 fine.<\/p>\n<\/div>\n<h2 class=\"title-read\"><a href=\"#copyrights\">Copyrights and\/or Design Rights<\/a><\/h2>\n<div id=\"copyrights\" class=\"text-read\">\n<p>This website is considered as a copyrighted work, of which the M\u00e9rieux Foundation is the author, under the meaning of the term given in Articles L.\u00a0111-1 et\u00a0seq. of the Intellectual Property Code. The M\u00e9rieux Foundation is responsible for the design and development of this site.<\/p>\n<p>The photographs, texts, slogans, drawings, images, animated sequences with or without sound, as well as all other works that are part of the site, are the property of the M\u00e9rieux Foundation or third parties that have authorized the M\u00e9rieux Foundation to use them.<\/p>\n<p>Reproduction of this site in paper or electronic form is authorized for personal use and\/or use pursuant to the provisions of Article\u00a0L.\u00a0122-5 of the Intellectual Property Code, so long as it is not used for any commercial and\/or advertising and\/or information purposes.<\/p>\n<p><strong>Image credits:<\/strong>\u00a0The M\u00e9rieux Foundation<\/p>\n<\/div>\n<h2 class=\"title-read\"><a href=\"#governing-law\">Governing Law<\/a><\/h2>\n<div id=\"governing-law\" class=\"text-read\">\n<p>The website\u00a0<a href=\"http:\/\/www.gabriel-network.org\/\">www.gabriel-network.org<\/a> and these general terms and conditions are governed under French law, and the official binding version is the French one.<\/p>\n<p>The courts of the judicial district of Lyon, France have exclusive jurisdiction over all disputes. The M\u00e9rieux Foundation reserves the right to modify these legal mentions at any moment. You agree to consult them on a regular basis.<\/p>\n<\/div>\n<h2 class=\"title-read\"><a href=\"#paper-form\">Reproduction in paper form<\/a><\/h2>\n<div id=\"paper-form\" class=\"text-read\">\n<p>With the exception of icons and images, this website's pages may be reproduced in paper form, subject to compliance with the three following conditions:<\/p>\n<ul>\n<li>distribution must be free of charge,<\/li>\n<li>the entire content of the documents being reproduced must be respected (no modification or alteration of any kind)<\/li>\n<li>the website\u00a0<a href=\"http:\/\/www.gabriel-network.org\/\">www.gabriel-network.org<\/a> must be clearly cited as a source, and it must be mentioned that reproduction rights are reserved and strictly limited.<\/li>\n<\/ul>\n<\/div>\n<h2 class=\"title-read\"><a href=\"#electronic-form\">Reproduction in electronic form<\/a><\/h2>\n<div id=\"electronic-form\" class=\"text-read\">\n<p>Reproduction of all or part of this website in electronic form is authorized so long as the source (<a href=\"http:\/\/www.gabriel-network.org\/\">www.gabriel-network.org<\/a>) is clearly and legibly cited and the words &#8220;All rights reserved&#8221; are included.<\/p>\n<p>The information may be used only for personal or charitable purposes.<\/p>\n<p>All commercial use is prohibited without prior written consent from the M\u00e9rieux Foundation.<\/p>\n<\/div>\n<h2 class=\"title-read\"><a href=\"#product\">Product-related information<\/a><\/h2>\n<div id=\"product\" class=\"text-read\">\n<p>The information and illustrations that appear on the pages of this Internet site are based on the technical characteristics prevailing at the time of on line launch or update of the various pages on the site.<\/p>\n<p>In the context of its policy of ongoing improvement of its products and services, Fondation M\u00e9rieux may modify the characteristics of its offer at any time.<\/p>\n<p>In any event, the information contained on this site is information of a general nature and is not contractually binding.<\/p>\n<\/div>\n<h2 class=\"title-read\"><a href=\"#security\">Security<\/a><\/h2>\n<div id=\"security\" class=\"text-read\">\n<p>We take all necessary precautions to ensure the integrity and confidentiality of your data, as well as to prevent it from being disclosed to unauthorized third parties.<\/p>\n<\/div>\n<h2 class=\"title-read\"><a href=\"#links\">Links<\/a><\/h2>\n<div id=\"links\" class=\"text-read\">\n<p>Linking to the website\u00a0<a href=\"http:\/\/www.gabriel-network.org\/\">www.gabriel-network.org<\/a> does not require prior written authorization from the M\u00e9rieux Foundation. However, the M\u00e9rieux Foundation must be informed no later than 10\u00a0days after the link is created.<\/p>\n<p>Under no circumstances may the M\u00e9rieux Foundation be held liable for the content or the products or services proposed on sites with which <a href=\"http:\/\/www.gabriel-network.org\/\">www.gabriel-network.org<\/a> is connected via a hyperlink or any other type of link.<\/p>\n<\/div>\n<h2 class=\"title-read\"><a href=\"#limitation\">Limitation of liability<\/a><\/h2>\n<div id=\"limitation\" class=\"text-read\">\n<p>You are fully and solely liable for your use of the website <a href=\"http:\/\/www.gabriel-network.org\/\">www.gabriel-network.org<\/a>. The M\u00e9rieux Foundation may in no way be held liable for direct or indirect damage, such as, in particular, material damage, loss of data or programs, or pecuniary loss resulting from the use of this site or sites that are related to it.<\/p>\n<\/div>\n<h2 class=\"title-read\"><a href=\"#updates\">Updates<\/a><\/h2>\n<div id=\"updates\" class=\"text-read\">\n<p>The M\u00e9rieux Foundation reserves the right to modify and update these legal notices and any part of the site it sees fit without prior notice.<\/p>\n<p>Any modifications will be binding on users, who must consult these General Terms and Conditions each time they connect.<\/p>\n<\/div>\n<h2 class=\"title-read\"><a href=\"#tracking-data\">Statistical tracking data<\/a><\/h2>\n<div id=\"tracking-data\" class=\"text-read\">\n<p>We use connection data to collect viewing statistics (browser used, number of visitors, sections visited, etc.) for site-optimization purposes in terms of site sections and navigation. However, this data is not transmitted to third parties.<\/p>\n<\/div>\n<p>The Legal Notice of <a href=\"http:\/\/www.gabriel-network.org\/\">www.gabriel-network.org<\/a> was written on 8 June 2017.<\/p>\n","protected":false},"excerpt":{"rendered":"<p>Below, you will find our policies concerning the way we handle your personal data. We strongly recommend that you read through this information. By visiting this website, you accept the practices as we explain them and you agree to be bound by the terms and conditions stipulated below. The website\u00a0www.gabriel-network.org is intended only for personal [&hellip;]<\/p>\n","protected":false},"author":3,"featured_media":0,"parent":0,"menu_order":0,"comment_status":"closed","ping_status":"closed","template":"","meta":{"_acf_changed":false,"footnotes":""},"class_list":["post-1187","page","type-page","status-publish","hentry"],"acf":[],"yoast_head":"<!-- This site is optimized with the Yoast SEO plugin v24.9 - https:\/\/yoast.com\/wordpress\/plugins\/seo\/ -->\n<title>Legal Notice - GABRIEL network<\/title>\n<meta name=\"robots\" content=\"index, follow, max-snippet:-1, max-image-preview:large, max-video-preview:-1\" \/>\n<link rel=\"canonical\" href=\"https:\/\/www.gabriel-network.org\/en\/legal-notice\/\" \/>\n<meta property=\"og:locale\" content=\"en_US\" \/>\n<meta property=\"og:type\" content=\"article\" \/>\n<meta property=\"og:title\" content=\"Legal Notice - GABRIEL network\" \/>\n<meta property=\"og:description\" content=\"Below, you will find our policies concerning the way we handle your personal data. We strongly recommend that you read through this information. By visiting this website, you accept the practices as we explain them and you agree to be bound by the terms and conditions stipulated below. The website\u00a0www.gabriel-network.org is intended only for personal [&hellip;]\" \/>\n<meta property=\"og:url\" content=\"https:\/\/www.gabriel-network.org\/en\/legal-notice\/\" \/>\n<meta property=\"og:site_name\" content=\"GABRIEL network\" \/>\n<meta property=\"article:modified_time\" content=\"2025-10-16T13:41:25+00:00\" \/>\n<meta name=\"twitter:card\" content=\"summary_large_image\" \/>\n<meta name=\"twitter:label1\" content=\"Est. reading time\" \/>\n\t<meta name=\"twitter:data1\" content=\"6 minutes\" \/>\n<script type=\"application\/ld+json\" class=\"yoast-schema-graph\">{\"@context\":\"https:\/\/schema.org\",\"@graph\":[{\"@type\":\"WebPage\",\"@id\":\"https:\/\/www.gabriel-network.org\/en\/legal-notice\/\",\"url\":\"https:\/\/www.gabriel-network.org\/en\/legal-notice\/\",\"name\":\"Legal Notice - GABRIEL network\",\"isPartOf\":{\"@id\":\"https:\/\/www.gabriel-network.org\/#website\"},\"datePublished\":\"2017-02-06T13:09:15+00:00\",\"dateModified\":\"2025-10-16T13:41:25+00:00\",\"breadcrumb\":{\"@id\":\"https:\/\/www.gabriel-network.org\/en\/legal-notice\/#breadcrumb\"},\"inLanguage\":\"en-US\",\"potentialAction\":[{\"@type\":\"ReadAction\",\"target\":[\"https:\/\/www.gabriel-network.org\/en\/legal-notice\/\"]}]},{\"@type\":\"BreadcrumbList\",\"@id\":\"https:\/\/www.gabriel-network.org\/en\/legal-notice\/#breadcrumb\",\"itemListElement\":[{\"@type\":\"ListItem\",\"position\":1,\"name\":\"Home\",\"item\":\"https:\/\/www.gabriel-network.org\/\"},{\"@type\":\"ListItem\",\"position\":2,\"name\":\"Legal Notice\"}]},{\"@type\":\"WebSite\",\"@id\":\"https:\/\/www.gabriel-network.org\/#website\",\"url\":\"https:\/\/www.gabriel-network.org\/\",\"name\":\"GABRIEL network\",\"description\":\"Global Approach to Biological Research, Infectious diseases and Epidemics in Low-income countries\",\"potentialAction\":[{\"@type\":\"SearchAction\",\"target\":{\"@type\":\"EntryPoint\",\"urlTemplate\":\"https:\/\/www.gabriel-network.org\/?s={search_term_string}\"},\"query-input\":{\"@type\":\"PropertyValueSpecification\",\"valueRequired\":true,\"valueName\":\"search_term_string\"}}],\"inLanguage\":\"en-US\"}]}<\/script>\n<!-- \/ Yoast SEO plugin. -->","yoast_head_json":{"title":"Legal Notice - GABRIEL network","robots":{"index":"index","follow":"follow","max-snippet":"max-snippet:-1","max-image-preview":"max-image-preview:large","max-video-preview":"max-video-preview:-1"},"canonical":"https:\/\/www.gabriel-network.org\/en\/legal-notice\/","og_locale":"en_US","og_type":"article","og_title":"Legal Notice - GABRIEL network","og_description":"Below, you will find our policies concerning the way we handle your personal data. We strongly recommend that you read through this information. By visiting this website, you accept the practices as we explain them and you agree to be bound by the terms and conditions stipulated below. The website\u00a0www.gabriel-network.org is intended only for personal [&hellip;]","og_url":"https:\/\/www.gabriel-network.org\/en\/legal-notice\/","og_site_name":"GABRIEL network","article_modified_time":"2025-10-16T13:41:25+00:00","twitter_card":"summary_large_image","twitter_misc":{"Est. reading time":"6 minutes"},"schema":{"@context":"https:\/\/schema.org","@graph":[{"@type":"WebPage","@id":"https:\/\/www.gabriel-network.org\/en\/legal-notice\/","url":"https:\/\/www.gabriel-network.org\/en\/legal-notice\/","name":"Legal Notice - GABRIEL network","isPartOf":{"@id":"https:\/\/www.gabriel-network.org\/#website"},"datePublished":"2017-02-06T13:09:15+00:00","dateModified":"2025-10-16T13:41:25+00:00","breadcrumb":{"@id":"https:\/\/www.gabriel-network.org\/en\/legal-notice\/#breadcrumb"},"inLanguage":"en-US","potentialAction":[{"@type":"ReadAction","target":["https:\/\/www.gabriel-network.org\/en\/legal-notice\/"]}]},{"@type":"BreadcrumbList","@id":"https:\/\/www.gabriel-network.org\/en\/legal-notice\/#breadcrumb","itemListElement":[{"@type":"ListItem","position":1,"name":"Home","item":"https:\/\/www.gabriel-network.org\/"},{"@type":"ListItem","position":2,"name":"Legal Notice"}]},{"@type":"WebSite","@id":"https:\/\/www.gabriel-network.org\/#website","url":"https:\/\/www.gabriel-network.org\/","name":"GABRIEL network","description":"Global Approach to Biological Research, Infectious diseases and Epidemics in Low-income countries","potentialAction":[{"@type":"SearchAction","target":{"@type":"EntryPoint","urlTemplate":"https:\/\/www.gabriel-network.org\/?s={search_term_string}"},"query-input":{"@type":"PropertyValueSpecification","valueRequired":true,"valueName":"search_term_string"}}],"inLanguage":"en-US"}]}},"_links":{"self":[{"href":"https:\/\/www.gabriel-network.org\/en\/wp-json\/wp\/v2\/pages\/1187","targetHints":{"allow":["GET"]}}],"collection":[{"href":"https:\/\/www.gabriel-network.org\/en\/wp-json\/wp\/v2\/pages"}],"about":[{"href":"https:\/\/www.gabriel-network.org\/en\/wp-json\/wp\/v2\/types\/page"}],"author":[{"embeddable":true,"href":"https:\/\/www.gabriel-network.org\/en\/wp-json\/wp\/v2\/users\/3"}],"replies":[{"embeddable":true,"href":"https:\/\/www.gabriel-network.org\/en\/wp-json\/wp\/v2\/comments?post=1187"}],"version-history":[{"count":44,"href":"https:\/\/www.gabriel-network.org\/en\/wp-json\/wp\/v2\/pages\/1187\/revisions"}],"predecessor-version":[{"id":3930,"href":"https:\/\/www.gabriel-network.org\/en\/wp-json\/wp\/v2\/pages\/1187\/revisions\/3930"}],"wp:attachment":[{"href":"https:\/\/www.gabriel-network.org\/en\/wp-json\/wp\/v2\/media?parent=1187"}],"curies":[{"name":"wp","href":"https:\/\/api.w.org\/{rel}","templated":true}]}}